{"id":1451,"date":"2017-06-07T03:17:57","date_gmt":"2017-06-07T03:17:57","guid":{"rendered":"http:\/\/dev.joomexp.com\/wordpress\/laboom\/?page_id=10"},"modified":"2023-11-10T11:22:13","modified_gmt":"2023-11-10T11:22:13","slug":"home","status":"publish","type":"page","link":"https:\/\/leandherocoffee.com\/","title":{"rendered":"Anasayfa"},"content":{"rendered":"<div class=\"wpb-content-wrapper\"><p>[vc_row full_width=&#8221;stretch_row_content_no_spaces&#8221;][vc_column]\n\t\t\t<!-- START home1 REVOLUTION SLIDER 6.7.18 --><p class=\"rs-p-wp-fix\"><\/p>\n\t\t\t<rs-module-wrap id=\"rev_slider_5_1_wrapper\" data-source=\"gallery\" style=\"visibility:hidden;background:#8e8e93;padding:0;margin:0px auto;margin-top:0;margin-bottom:0;\">\n\t\t\t\t<rs-module id=\"rev_slider_5_1\" style=\"\" data-version=\"6.7.18\">\n\t\t\t\t\t<rs-slides style=\"overflow: hidden; position: absolute;\">\n\t\t\t\t\t\t<rs-slide style=\"position: absolute;\" data-key=\"rs-9\" data-title=\"Slide\" data-thumb=\"\/\/leandherocoffee.com\/wp-content\/uploads\/2023\/03\/L1-100x50.jpg\" data-anim=\"ms:2570;\" data-in=\"o:0;x:100%;\" data-out=\"x:-60%;\">\n\t\t\t\t\t\t\t<img decoding=\"async\" src=\"\/\/leandherocoffee.com\/wp-content\/plugins\/revslider\/sr6\/assets\/assets\/dummy.png\" alt=\"\" title=\"L1\" width=\"1140\" height=\"833\" class=\"rev-slidebg tp-rs-img rs-lazyload\" data-lazyload=\"\/\/leandherocoffee.com\/wp-content\/uploads\/2023\/03\/L1.jpg\" data-no-retina>\n<!--\n\t\t\t\t\t\t\t--><rs-layer\n\t\t\t\t\t\t\t\tid=\"slider-5-slide-9-layer-0\" \n\t\t\t\t\t\t\t\tdata-type=\"shape\"\n\t\t\t\t\t\t\t\tdata-rsp_ch=\"on\"\n\t\t\t\t\t\t\t\tdata-xy=\"x:c;y:m;\"\n\t\t\t\t\t\t\t\tdata-text=\"w:normal;\"\n\t\t\t\t\t\t\t\tdata-dim=\"w:100%;h:100%;\"\n\t\t\t\t\t\t\t\tdata-basealign=\"slide\"\n\t\t\t\t\t\t\t\tdata-frame_999=\"o:0;st:w;\"\n\t\t\t\t\t\t\t\tstyle=\"z-index:6;background-color:rgba(0,0,0,0.5);\"\n\t\t\t\t\t\t\t> \n\t\t\t\t\t\t\t<\/rs-layer><!--\n\n\t\t\t\t\t\t\t--><rs-layer\n\t\t\t\t\t\t\t\tid=\"slider-5-slide-9-layer-1\" \n\t\t\t\t\t\t\t\tdata-type=\"text\"\n\t\t\t\t\t\t\t\tdata-rsp_ch=\"on\"\n\t\t\t\t\t\t\t\tdata-xy=\"x:c;y:m;yo:-64px;\"\n\t\t\t\t\t\t\t\tdata-text=\"s:70,70,70,44;l:100,100,100,62;fw:300;a:inherit;\"\n\t\t\t\t\t\t\t\tdata-dim=\"w:auto,auto,auto,440px;\"\n\t\t\t\t\t\t\t\tdata-vbility=\"t,t,t,f\"\n\t\t\t\t\t\t\t\tdata-frame_0=\"y:-50px,-50px,-50px,-31px;\"\n\t\t\t\t\t\t\t\tdata-frame_1=\"e:easeOutExpo;st:300;sp:3000;sR:300;\"\n\t\t\t\t\t\t\t\tdata-frame_999=\"o:0;e:easeOutExpo;st:w;sR:5700;\"\n\t\t\t\t\t\t\t\tstyle=\"z-index:7;font-family:'Quicksand';\"\n\t\t\t\t\t\t\t><strong>\u00c7OK <span class=\"color-primary\">\u00d6ZEL<\/span> <\/strong>KAHVELER \n\t\t\t\t\t\t\t<\/rs-layer><!--\n\n\t\t\t\t\t\t\t--><rs-layer\n\t\t\t\t\t\t\t\tid=\"slider-5-slide-9-layer-3\" \n\t\t\t\t\t\t\t\tdata-type=\"text\"\n\t\t\t\t\t\t\t\tdata-rsp_ch=\"on\"\n\t\t\t\t\t\t\t\tdata-xy=\"x:c;xo:1px;y:m;yo:23px;\"\n\t\t\t\t\t\t\t\tdata-text=\"s:32;l:53;a:inherit;\"\n\t\t\t\t\t\t\t\tdata-vbility=\"t,t,t,f\"\n\t\t\t\t\t\t\t\tdata-frame_0=\"y:-88px;\"\n\t\t\t\t\t\t\t\tdata-frame_1=\"e:easeOutExpo;st:500;sp:3000;sR:500;\"\n\t\t\t\t\t\t\t\tdata-frame_999=\"o:0;e:easeOutExpo;st:w;sR:5500;\"\n\t\t\t\t\t\t\t\tstyle=\"z-index:8;font-family:'Quicksand';\"\n\t\t\t\t\t\t\t>Etiket De\u011fil Kahve Yap\u0131yoruz \n\t\t\t\t\t\t\t<\/rs-layer><!--\n\n\t\t\t\t\t\t\t--><rs-layer\n\t\t\t\t\t\t\t\tid=\"slider-5-slide-9-layer-4\" \n\t\t\t\t\t\t\t\tdata-type=\"text\"\n\t\t\t\t\t\t\t\tdata-rsp_ch=\"on\"\n\t\t\t\t\t\t\t\tdata-xy=\"x:c;y:m;yo:87px;\"\n\t\t\t\t\t\t\t\tdata-text=\"l:22;a:inherit;\"\n\t\t\t\t\t\t\t\tdata-vbility=\"t,t,t,f\"\n\t\t\t\t\t\t\t\tdata-frame_0=\"y:-50px;\"\n\t\t\t\t\t\t\t\tdata-frame_1=\"e:easeOutExpo;st:700;sp:3000;sR:700;\"\n\t\t\t\t\t\t\t\tdata-frame_999=\"o:0;e:easeOutExpo;st:w;sR:5300;\"\n\t\t\t\t\t\t\t\tstyle=\"z-index:9;font-family:'Open Sans';\"\n\t\t\t\t\t\t\t><a href=\"#\" class=\"btn btn-alt-white btn-rounded\">incele<\/a> \n\t\t\t\t\t\t\t<\/rs-layer><!--\n-->\t\t\t\t\t<\/rs-slide>\n\t\t\t\t\t\t<rs-slide style=\"position: absolute;\" data-key=\"rs-10\" data-title=\"Slide\" data-thumb=\"\/\/leandherocoffee.com\/wp-content\/uploads\/2023\/03\/L2-100x50.jpg\" data-anim=\"e:slidingoverlay;ms:2000;\" data-in=\"o:1;y:-100%;\">\n\t\t\t\t\t\t\t<img decoding=\"async\" src=\"\/\/leandherocoffee.com\/wp-content\/plugins\/revslider\/sr6\/assets\/assets\/dummy.png\" alt=\"\" title=\"L2\" width=\"1140\" height=\"833\" class=\"rev-slidebg tp-rs-img rs-lazyload\" data-lazyload=\"\/\/leandherocoffee.com\/wp-content\/uploads\/2023\/03\/L2.jpg\" data-bg=\"p:left top;\" data-no-retina>\n<!--\n\t\t\t\t\t\t\t--><rs-layer\n\t\t\t\t\t\t\t\tid=\"slider-5-slide-10-layer-1\" \n\t\t\t\t\t\t\t\tdata-type=\"text\"\n\t\t\t\t\t\t\t\tdata-color=\"#fff\"\n\t\t\t\t\t\t\t\tdata-rsp_ch=\"on\"\n\t\t\t\t\t\t\t\tdata-xy=\"x:c;y:m;yo:-64px,-64px,-64px,-26px;\"\n\t\t\t\t\t\t\t\tdata-text=\"s:80,80,80,36;l:90,90,90,41;ls:-4,-4,-4,-1;fw:800;a:inherit;\"\n\t\t\t\t\t\t\t\tdata-dim=\"minh:0px,0px,0px,none;\"\n\t\t\t\t\t\t\t\tdata-vbility=\"t,t,t,f\"\n\t\t\t\t\t\t\t\tdata-clip=\"u:true;\"\n\t\t\t\t\t\t\t\tdata-frame_0=\"y:-50px,-50px,-50px,-22px;\"\n\t\t\t\t\t\t\t\tdata-frame_0_mask=\"u:t;\"\n\t\t\t\t\t\t\t\tdata-frame_1=\"e:easeOutExpo;st:300;sp:3000;sR:300;\"\n\t\t\t\t\t\t\t\tdata-frame_999=\"o:0;e:easeOutExpo;st:w;sR:5700;\"\n\t\t\t\t\t\t\t\tdata-tloop=\"u:true;\"\n\t\t\t\t\t\t\t\tstyle=\"z-index:6;font-family:'Poppins';\"\n\t\t\t\t\t\t\t><strong>\u00d6zel  <span class=\"color-primary\">Se\u00e7ilmi\u015f<\/span> <\/strong>\u00c7ekirdekler<br \/> \n\t\t\t\t\t\t\t<\/rs-layer><!--\n\n\t\t\t\t\t\t\t--><rs-layer\n\t\t\t\t\t\t\t\tid=\"slider-5-slide-10-layer-2\" \n\t\t\t\t\t\t\t\tdata-type=\"shape\"\n\t\t\t\t\t\t\t\tdata-rsp_ch=\"on\"\n\t\t\t\t\t\t\t\tdata-xy=\"x:c;y:m;\"\n\t\t\t\t\t\t\t\tdata-text=\"w:normal;\"\n\t\t\t\t\t\t\t\tdata-dim=\"w:100%;h:100%;\"\n\t\t\t\t\t\t\t\tdata-basealign=\"slide\"\n\t\t\t\t\t\t\t\tdata-frame_1=\"sp:2930;\"\n\t\t\t\t\t\t\t\tdata-frame_999=\"o:0;st:w;sR:6070;\"\n\t\t\t\t\t\t\t\tstyle=\"z-index:9;background-color:rgba(0,0,0,0.5);\"\n\t\t\t\t\t\t\t> \n\t\t\t\t\t\t\t<\/rs-layer><!--\n\n\t\t\t\t\t\t\t--><rs-layer\n\t\t\t\t\t\t\t\tid=\"slider-5-slide-10-layer-3\" \n\t\t\t\t\t\t\t\tdata-type=\"text\"\n\t\t\t\t\t\t\t\tdata-rsp_ch=\"on\"\n\t\t\t\t\t\t\t\tdata-xy=\"x:c;y:m;yo:15px;\"\n\t\t\t\t\t\t\t\tdata-text=\"s:31,31,31,23;l:52,52,52,38;a:inherit;\"\n\t\t\t\t\t\t\t\tdata-vbility=\"t,t,t,f\"\n\t\t\t\t\t\t\t\tdata-frame_1=\"e:power3.in;sp:1200;\"\n\t\t\t\t\t\t\t\tdata-frame_1_sfx=\"se:blocktoleft;\"\n\t\t\t\t\t\t\t\tdata-frame_999=\"o:0;e:easeOutExpo;st:w;sR:7800;\"\n\t\t\t\t\t\t\t\tstyle=\"z-index:7;font-family:'Quicksand';\"\n\t\t\t\t\t\t\t>\"Bir fincan kahve, sizi ger\u00e7ekten yans\u0131t\u0131r.\"\n \n\t\t\t\t\t\t\t<\/rs-layer><!--\n\n\t\t\t\t\t\t\t--><rs-layer\n\t\t\t\t\t\t\t\tid=\"slider-5-slide-10-layer-4\" \n\t\t\t\t\t\t\t\tdata-type=\"text\"\n\t\t\t\t\t\t\t\tdata-rsp_ch=\"on\"\n\t\t\t\t\t\t\t\tdata-xy=\"x:c;y:m;yo:87px;\"\n\t\t\t\t\t\t\t\tdata-text=\"l:22;a:inherit;\"\n\t\t\t\t\t\t\t\tdata-vbility=\"t,t,t,f\"\n\t\t\t\t\t\t\t\tdata-frame_0=\"y:-50px;\"\n\t\t\t\t\t\t\t\tdata-frame_1=\"e:easeOutExpo;st:700;sp:3000;sR:700;\"\n\t\t\t\t\t\t\t\tdata-frame_999=\"o:0;e:easeOutExpo;st:8900;sR:5300;\"\n\t\t\t\t\t\t\t\tstyle=\"z-index:8;font-family:'Open Sans';\"\n\t\t\t\t\t\t\t><a href=\"#\" class=\"btn btn-alt-white btn-rounded\">\u0130ncele<\/a> \n\t\t\t\t\t\t\t<\/rs-layer><!--\n-->\t\t\t\t\t<\/rs-slide>\n\t\t\t\t\t<\/rs-slides>\n\t\t\t\t<\/rs-module>\n\t\t\t\t<script>\n\t\t\t\t\tsetREVStartSize({c: 'rev_slider_5_1',rl:[1240,1240,1240,480],el:[833,833,833,720],gw:[1140,1140,1140,480],gh:[833,833,833,720],type:'standard',justify:'',layout:'fullwidth',mh:\"0\"});if (window.RS_MODULES!==undefined && window.RS_MODULES.modules!==undefined && window.RS_MODULES.modules[\"revslider51\"]!==undefined) {window.RS_MODULES.modules[\"revslider51\"].once = false;window.revapi5 = undefined;if (window.RS_MODULES.checkMinimal!==undefined) window.RS_MODULES.checkMinimal()}\n\t\t\t\t<\/script>\n\t\t\t<\/rs-module-wrap>\n\t\t\t<!-- END REVOLUTION SLIDER -->\n[\/vc_column][\/vc_row][vc_row full_width=&#8221;stretch_row&#8221; custom_over_follow=&#8221;over_follow_initial&#8221; custom_row_image=&#8221;61&#8243; custom_row_image_right=&#8221;row-arrow&#8221; css=&#8221;.vc_custom_1497431733137{padding-top: 80px !important;padding-bottom: 161px !important;background: #ffffff url(http:\/\/demo.spyropress.com\/themeforest\/laboom\/wp-content\/uploads\/2017\/06\/bg-welcome.png?id=36) !important;background-position: center !important;background-repeat: no-repeat !important;background-size: cover !important;}&#8221; arrow-background=&#8221;#ffffff&#8221; arrow_background=&#8221;#ffffff&#8221;][vc_column][vc_single_image image=&#8221;1763&#8243; alignment=&#8221;center&#8221; css_animation=&#8221;slideInDown&#8221;][vc_custom_heading text=&#8221;leandhero&#8221; font_container=&#8221;tag:h2|font_size:40px|text_align:center|color:%23383848|line_height:50px&#8221; google_fonts=&#8221;font_family:Quicksand%3A300%2Cregular%2C700|font_style:700%20bold%20regular%3A700%3Anormal&#8221; css_animation=&#8221;fadeInDown&#8221; css=&#8221;.vc_custom_1695648176151{margin-bottom: 13px !important;}&#8221;][vc_custom_heading text=&#8221;Etiket De\u011fil Kahve Yap\u0131yoruz&#8230;&#8221; font_container=&#8221;tag:p|font_size:15px|text_align:center|color:%239a9a9a|line_height:25px&#8221; use_theme_fonts=&#8221;yes&#8221;][vc_row_inner css=&#8221;.vc_custom_1496982055290{padding-top: 49px !important;}&#8221;][vc_column_inner width=&#8221;2\/3&#8243;][vc_custom_heading text=&#8221;Bir Lezzet Yolculu\u011funa Davet:<br \/>\n\u201cLeandhero Kahve D\u00fckkan\u0131\u201d g\u00fcn\u00fcn karma\u015fas\u0131ndan ka\u00e7\u0131p i\u00e7ten bir mola vermek, dostlar\u0131n\u0131zla keyifli anlar ya\u015famak ya da yarat\u0131c\u0131 d\u00fc\u015f\u00fcncelerinizi tazelemek istedi\u011finizde, \u015fehrin kalbindeki sakl\u0131 bir hazine olan \u201cLeandhero Kahve D\u00fckkan\u0131\u201d, size s\u0131cak bir kucaklama sunuyor. \u201cLeandhero\u201d, kahve tutkunlar\u0131n\u0131n vazge\u00e7ilmezi, aromalar\u0131n dans etti\u011fi ve sevgilerin bulu\u015fma noktas\u0131d\u0131r.&#8221; font_container=&#8221;tag:p|font_size:16px|text_align:left|color:%237a7676|line_height:26px&#8221; google_fonts=&#8221;font_family:Source%20Sans%20Pro%3A200%2C200italic%2C300%2C300italic%2Cregular%2Citalic%2C600%2C600italic%2C700%2C700italic%2C900%2C900italic|font_style:400%20regular%3A400%3Anormal&#8221; css_animation=&#8221;right-to-left&#8221; css=&#8221;.vc_custom_1695648132760{margin-top: -8px !important;}&#8221;][vc_custom_heading text=&#8221;Lenadhero&#8221; font_container=&#8221;tag:h2|font_size:59px|text_align:left|color:%2320202f|line_height:59px&#8221; css_animation=&#8221;fadeInRight&#8221; cms_custom_font_family=&#8221;cusotm-jey&#8221; css=&#8221;.vc_custom_1695572752311{margin-bottom: 0px !important;}&#8221;][vc_custom_heading text=&#8221;Ger\u00e7ek Kahveci&#8221; font_container=&#8221;tag:p|font_size:14px|text_align:left|color:%237a7676|line_height:24px&#8221; google_fonts=&#8221;font_family:Open%20Sans%3A300%2C300italic%2Cregular%2Citalic%2C600%2C600italic%2C700%2C700italic%2C800%2C800italic|font_style:400%20regular%3A400%3Anormal&#8221; css=&#8221;.vc_custom_1695477414822{margin-top: -8px !important;padding-top: 6px !important;padding-bottom: 24px !important;padding-left: 45px !important;}&#8221;][cms_button button_text=&#8221;Detaylar&#8221; link_button=&#8221;url:http%3A%2F%2Fleandherocoffee.com%2F%3Fpage_id%3D835|title:Leandhero&#8221; button_style=&#8221;btn-secondary&#8221; button_shape=&#8221;btn-rounded&#8221;][\/vc_column_inner][vc_column_inner width=&#8221;1\/3&#8243;][vc_empty_space height=&#8221;40px&#8221;][vc_single_image image=&#8221;1660&#8243; img_size=&#8221;800X700&#8243; alignment=&#8221;center&#8221; css_animation=&#8221;fadeInUp&#8221;][\/vc_column_inner][\/vc_row_inner][\/vc_column][\/vc_row][vc_row][vc_column][vc_custom_heading text=&#8221;NEDEN LEANDHERO ?&#8221; font_container=&#8221;tag:h2|font_size:40px|text_align:right|color:%23e4b95b|line_height:50px&#8221; google_fonts=&#8221;font_family:Quicksand%3A300%2Cregular%2C700|font_style:700%20bold%20regular%3A700%3Anormal&#8221; css=&#8221;.vc_custom_1695649954966{margin-bottom: 13px !important;}&#8221;][\/vc_column][\/vc_row][vc_row][vc_column width=&#8221;1\/4&#8243;][vc_single_image image=&#8221;1765&#8243; img_size=&#8221;500*500&#8243; alignment=&#8221;right&#8221;][vc_empty_space][vc_empty_space][vc_empty_space][vc_empty_space][vc_empty_space][vc_empty_space][vc_single_image image=&#8221;1719&#8243; img_size=&#8221;500&#215;500&#8243;][\/vc_column][vc_column width=&#8221;3\/4&#8243;][vc_column_text css_animation=&#8221;fadeInDown&#8221;]<\/p>\n<blockquote>\n<p style=\"text-align: center;\">G\u00fcn\u00fcm\u00fczde sa\u011fl\u0131\u011fa duyarl\u0131 t\u00fcketici kitlesi h\u0131zla b\u00fcy\u00fcyor ve bu e\u011filim, beslenme al\u0131\u015fkanl\u0131klar\u0131m\u0131za da yans\u0131yor. Bu noktada, Leandhero Kahve gibi sa\u011fl\u0131kl\u0131 se\u00e7eneklerin pop\u00fclerli\u011fi h\u0131zla art\u0131yor. Leandhero Kahve, kahve tutkunlar\u0131 i\u00e7in sa\u011fl\u0131kl\u0131 bir alternatif sunan bir kahve d\u00fckkan\u0131 zinciri olarak \u00f6ne \u00e7\u0131k\u0131yor.<br \/>\nLeandhero Kahve&#8217;nin ba\u015far\u0131s\u0131n\u0131n temelinde, kaliteli kahve ve sa\u011fl\u0131kl\u0131 i\u00e7eceklerin m\u00fckemmel bir birle\u015fimi bulunuyor. \u0130\u015fte bu benzersiz kahve d\u00fckkan\u0131n\u0131n baz\u0131 \u00f6zellikleri:<\/p>\n<\/blockquote>\n<p>[\/vc_column_text][vc_column_text]<\/p>\n<div class=\"flex-1 overflow-hidden\">\n<div class=\"react-scroll-to-bottom--css-hqsgv-79elbk h-full dark:bg-gray-800\">\n<div class=\"react-scroll-to-bottom--css-hqsgv-1n7m0yu\">\n<div class=\"flex flex-col text-sm dark:bg-gray-800\">\n<div class=\"group w-full text-token-text-primary border-b border-black\/10 gizmo:border-0 dark:border-gray-900\/50 gizmo:dark:border-0 bg-gray-50 gizmo:bg-transparent dark:bg-[#444654] gizmo:dark:bg-transparent\" data-testid=\"conversation-turn-5\">\n<div class=\"p-4 justify-center text-base md:gap-6 md:py-6 m-auto\">\n<div class=\"flex flex-1 gap-4 text-base mx-auto md:gap-6 md:max-w-2xl lg:max-w-[38rem] xl:max-w-3xl }\">\n<div class=\"relative flex w-[calc(100%-50px)] flex-col gap-1 md:gap-3 lg:w-[calc(100%-115px)]\">\n<div class=\"flex flex-grow flex-col gap-3 max-w-full\">\n<div class=\"min-h-[20px] flex flex-col items-start gap-3 overflow-x-auto whitespace-pre-wrap break-words\">\n<div class=\"markdown prose w-full break-words dark:prose-invert light\">\n<ol>\n<li><strong>Taze ve Nitelikli Kahve \u00c7ekirdekleri<\/strong>: Leandhero, en taze ve en kaliteli kahve \u00e7ekirdeklerini se\u00e7erek m\u00fc\u015fterilerine enfes bir kahve deneyimi sunuyor. \u00d6zel kavurma teknikleri ile \u00e7ekirdeklerin lezzeti maksimuma \u00e7\u0131kar\u0131l\u0131yor.<\/li>\n<li><strong>Sa\u011fl\u0131kl\u0131 \u0130\u00e7ecek Se\u00e7enekleri<\/strong>: Leandhero, sadece kahve de\u011fil, ayn\u0131 zamanda sa\u011fl\u0131kl\u0131 i\u00e7ecekler sunuyor. Organik \u00e7aylar, taze meyve sular\u0131 ve enerji art\u0131r\u0131c\u0131 smoothie&#8217;ler gibi bir\u00e7ok sa\u011fl\u0131kl\u0131 se\u00e7enek bulunuyor.<\/li>\n<li><strong>D\u00fc\u015f\u00fck Kalorili At\u0131\u015ft\u0131rmal\u0131klar<\/strong>: A\u00e7l\u0131\u011f\u0131n\u0131z\u0131 bast\u0131rmak istedi\u011finizde, Leandhero&#8217;nun d\u00fc\u015f\u00fck kalorili at\u0131\u015ft\u0131rmal\u0131klar\u0131 sizi bekliyor. Taze meyve tabaklar\u0131, sa\u011fl\u0131kl\u0131 granolalar ve glutensiz kurabiyeler gibi se\u00e7enekler, sa\u011fl\u0131kl\u0131 beslenme hedeflerinizi destekliyor.<\/li>\n<li><strong>Dost\u00e7a Ortam<\/strong>: Leandhero Kahve d\u00fckkanlar\u0131, sadece bir i\u00e7ece\u011fi yudumlayabilece\u011finiz bir yer de\u011fil, ayn\u0131 zamanda rahatlat\u0131c\u0131 bir ortam sunuyor. Arkada\u015flar\u0131n\u0131zla bulu\u015fmak, \u00e7al\u0131\u015fmak veya sadece kendinize zaman ay\u0131rmak i\u00e7in ideal bir mekan.<\/li>\n<li><strong>S\u00fcrd\u00fcr\u00fclebilirlik<\/strong>: Leandhero, s\u00fcrd\u00fcr\u00fclebilirlik konusundaki taahh\u00fctleri ile dikkat \u00e7ekiyor. Tek kullan\u0131ml\u0131k plastiklerin kullan\u0131m\u0131n\u0131 en aza indirme ve geri d\u00f6n\u00fc\u015f\u00fcme destek sa\u011flama konular\u0131nda aktif bir rol oynuyorlar.<\/li>\n<\/ol>\n<p>&nbsp;<\/p>\n<blockquote><p>Leandhero Kahve, hem kahve severlerin hem de sa\u011fl\u0131\u011f\u0131na dikkat edenlerin beklentilerini kar\u015f\u0131layan bir kahve d\u00fckkan\u0131d\u0131r. Kaliteli kahve, sa\u011fl\u0131kl\u0131 i\u00e7ecekler ve s\u0131cak bir atmosfer arayan herkes i\u00e7in bu mekan, g\u00fcnl\u00fck ya\u015fam\u0131n bir par\u00e7as\u0131 haline gelmi\u015ftir. Sa\u011fl\u0131kl\u0131 ve lezzetli bir kahve deneyimi ya\u015famak isteyenler i\u00e7in Leandhero Kahve her zaman do\u011fru adres.<\/p><\/blockquote>\n<\/div>\n<\/div>\n<\/div>\n<div class=\"flex justify-between lg:block\">\n<div class=\"text-gray-400 flex self-end lg:self-center justify-center mt-2 gap-2 md:gap-3 lg:gap-1 lg:absolute lg:top-0 lg:translate-x-full lg:right-0 lg:mt-0 lg:pl-2 visible\">\n<p>&nbsp;<\/p>\n<div class=\"flex gap-1\"><\/div>\n<\/div>\n<\/div>\n<\/div>\n<\/div>\n<\/div>\n<\/div>\n<div class=\"h-32 md:h-48 flex-shrink-0\"><\/div>\n<\/div>\n<\/div>\n<\/div>\n<\/div>\n<div class=\"absolute bottom-0 left-0 w-full border-t md:border-t-0 dark:border-white\/20 md:border-transparent md:dark:border-transparent md:bg-vert-light-gradient bg-white dark:bg-gray-800 md:!bg-transparent dark:md:bg-vert-dark-gradient pt-2 md:pl-2 md:w-[calc(100%-.5rem)]\">\n<form class=\"stretch mx-2 flex flex-row gap-3 last:mb-2 md:mx-4 md:last:mb-6 lg:mx-auto lg:max-w-2xl xl:max-w-3xl\">\n<div class=\"relative flex h-full flex-1 items-stretch md:flex-col\">\n<div>\n<div class=\"h-full flex ml-1 md:w-full md:m-auto md:mb-4 gap-0 md:gap-2 justify-center\"><\/div>\n<\/div>\n<\/div>\n<\/form>\n<\/div>\n<p>[\/vc_column_text][vc_empty_space][vc_empty_space][vc_empty_space][\/vc_column][\/vc_row][vc_row full_width=&#8221;stretch_row&#8221; custom_over_follow=&#8221;over_follow_initial&#8221; custom_row_image=&#8221;74&#8243; custom_row_image_right=&#8221;row-arrow&#8221; css=&#8221;.vc_custom_1499244534445{padding-top: 80px !important;padding-bottom: 132px !important;background: #19181d url(http:\/\/demo.spyropress.com\/themeforest\/laboom\/wp-content\/uploads\/2017\/06\/hom-row2.jpg?id=73) !important;background-position: center !important;background-repeat: no-repeat !important;background-size: cover !important;}&#8221; arrow-background=&#8221;#ffffff&#8221; arrow_background=&#8221;#19181d&#8221;][vc_column][vc_custom_heading text=&#8221;KAHVELER\u0130M\u0130Z&#8221; font_container=&#8221;tag:h2|font_size:40px|text_align:center|color:%23e4b95b|line_height:50px&#8221; google_fonts=&#8221;font_family:Quicksand%3A300%2Cregular%2C700|font_style:700%20bold%20regular%3A700%3Anormal&#8221; css=&#8221;.vc_custom_1680966829176{margin-bottom: 13px !important;}&#8221;][vc_custom_heading text=&#8221;&#8220;Bir fincan kahve, etiketlerin \u00f6tesindeki ger\u00e7ek lezzeti sunar.&#8220;&#8221; font_container=&#8221;tag:p|font_size:15px|text_align:center|color:%23ffffff|line_height:25px&#8221; use_theme_fonts=&#8221;yes&#8221;][\/vc_column][\/vc_row][vc_row full_width=&#8221;stretch_row&#8221; background_overlay_color=&#8221;yes&#8221; custom_over_follow=&#8221;over_follow_initial&#8221; custom_row_image=&#8221;64&#8243; custom_row_image_right=&#8221;row-arrow&#8221; css=&#8221;.vc_custom_1695566284392{padding-top: 152px !important;padding-bottom: 139px !important;background: rgba(228,185,91,0.85) url(http:\/\/leandherocoffee.com\/wp-content\/uploads\/2023\/03\/L2.jpg?id=1646) !important;background-position: center !important;background-repeat: no-repeat !important;background-size: cover !important;*background-color: rgb(228,185,91) !important;}&#8221; arrow-background=&#8221;#ffffff&#8221; arrow_background=&#8221;#c7a253&#8243; row_overlay_color=&#8221;rgba(228,185,91,0.85)&#8221;][vc_column][cms_restaurant_menu number_menu=&#8221;40&#8243; cms_template=&#8221;cms_restaurant_menu.php&#8221;][\/vc_column][\/vc_row][vc_row][vc_column][\/vc_column][\/vc_row]<\/p>\n<\/div>","protected":false},"excerpt":{"rendered":"<p>[vc_row full_width=&#8221;stretch_row_content_no_spaces&#8221;][vc_column][\/vc_column][\/vc_row][vc_row full_width=&#8221;stretch_row&#8221; custom_over_follow=&#8221;over_follow_initial&#8221; custom_row_image=&#8221;61&#8243; custom_row_image_right=&#8221;row-arrow&#8221; css=&#8221;.vc_custom_1497431733137{padding-top: 80px !important;padding-bottom: 161px !important;background: #ffffff url(http:\/\/demo.spyropress.com\/themeforest\/laboom\/wp-content\/uploads\/2017\/06\/bg-welcome.png?id=36) !important;background-position: center !important;background-repeat: no-repeat !important;background-size: cover !important;}&#8221; arrow-background=&#8221;#ffffff&#8221; arrow_background=&#8221;#ffffff&#8221;][vc_column][vc_single_image image=&#8221;1763&#8243; alignment=&#8221;center&#8221; css_animation=&#8221;slideInDown&#8221;][vc_custom_heading text=&#8221;leandhero&#8221; font_container=&#8221;tag:h2|font_size:40px|text_align:center|color:%23383848|line_height:50px&#8221; google_fonts=&#8221;font_family:Quicksand%3A300%2Cregular%2C700|font_style:700%20bold%20regular%3A700%3Anormal&#8221; css_animation=&#8221;fadeInDown&#8221; css=&#8221;.vc_custom_1695648176151{margin-bottom: 13px !important;}&#8221;][vc_custom_heading text=&#8221;Etiket De\u011fil Kahve Yap\u0131yoruz&#8230;&#8221; font_container=&#8221;tag:p|font_size:15px|text_align:center|color:%239a9a9a|line_height:25px&#8221; use_theme_fonts=&#8221;yes&#8221;][vc_row_inner css=&#8221;.vc_custom_1496982055290{padding-top: 49px !important;}&#8221;][vc_column_inner width=&#8221;2\/3&#8243;][vc_custom_heading text=&#8221;Bir Lezzet Yolculu\u011funa Davet: \u201cLeandhero Kahve D\u00fckkan\u0131\u201d g\u00fcn\u00fcn karma\u015fas\u0131ndan ka\u00e7\u0131p i\u00e7ten bir mola [&hellip;]<\/p>\n","protected":false},"author":3,"featured_media":0,"parent":0,"menu_order":0,"comment_status":"closed","ping_status":"closed","template":"","meta":{"footnotes":""},"class_list":["post-1451","page","type-page","status-publish","hentry"],"_links":{"self":[{"href":"https:\/\/leandherocoffee.com\/index.php?rest_route=\/wp\/v2\/pages\/1451","targetHints":{"allow":["GET"]}}],"collection":[{"href":"https:\/\/leandherocoffee.com\/index.php?rest_route=\/wp\/v2\/pages"}],"about":[{"href":"https:\/\/leandherocoffee.com\/index.php?rest_route=\/wp\/v2\/types\/page"}],"author":[{"embeddable":true,"href":"https:\/\/leandherocoffee.com\/index.php?rest_route=\/wp\/v2\/users\/3"}],"replies":[{"embeddable":true,"href":"https:\/\/leandherocoffee.com\/index.php?rest_route=%2Fwp%2Fv2%2Fcomments&post=1451"}],"version-history":[{"count":59,"href":"https:\/\/leandherocoffee.com\/index.php?rest_route=\/wp\/v2\/pages\/1451\/revisions"}],"predecessor-version":[{"id":1770,"href":"https:\/\/leandherocoffee.com\/index.php?rest_route=\/wp\/v2\/pages\/1451\/revisions\/1770"}],"wp:attachment":[{"href":"https:\/\/leandherocoffee.com\/index.php?rest_route=%2Fwp%2Fv2%2Fmedia&parent=1451"}],"curies":[{"name":"wp","href":"https:\/\/api.w.org\/{rel}","templated":true}]}}