{"id":835,"date":"2017-07-19T03:10:10","date_gmt":"2017-07-19T03:10:10","guid":{"rendered":"http:\/\/dev.joomexp.com\/wordpress\/laboom\/?page_id=835"},"modified":"2023-10-11T14:12:47","modified_gmt":"2023-10-11T14:12:47","slug":"about","status":"publish","type":"page","link":"https:\/\/leandherocoffee.com\/?page_id=835","title":{"rendered":"Leandhero"},"content":{"rendered":"<div class=\"wpb-content-wrapper\"><p>[vc_row full_width=&#8221;stretch_row&#8221; custom_over_follow=&#8221;over_follow_initial&#8221; custom_row_image=&#8221;61&#8243; custom_row_image_right=&#8221;row-arrow&#8221; css=&#8221;.vc_custom_1660093908971{padding-top: 78px !important;padding-bottom: 139px !important;background: #ffffff url(http:\/\/demo.exptheme.com\/laboom\/wp-content\/uploads\/2017\/06\/bg-welcome.png?id=36) !important;background-position: center !important;background-repeat: no-repeat !important;background-size: cover !important;}&#8221; arrow-background=&#8221;#ffffff&#8221; arrow_background=&#8221;#ffffff&#8221;][vc_column][vc_custom_heading text=&#8221;Leandhero \u00f6l\u00fcms\u00fcz a\u015fk hikayesi&#8230;.&#8221; font_container=&#8221;tag:h2|font_size:40px|text_align:center|color:%23383848|line_height:50px&#8221; google_fonts=&#8221;font_family:Quicksand%3A300%2Cregular%2C700|font_style:700%20bold%20regular%3A700%3Anormal&#8221; css=&#8221;.vc_custom_1695567838292{margin-bottom: 13px !important;}&#8221;][vc_custom_heading text=&#8221;Ger\u00e7ek bir kahvenin ger\u00e7ek bir hikayesi olmal\u0131yd\u0131&#8230;&#8221; font_container=&#8221;tag:p|font_size:15px|text_align:center|color:%239a9a9a|line_height:25px&#8221; use_theme_fonts=&#8221;yes&#8221;][vc_row_inner css=&#8221;.vc_custom_1496982055290{padding-top: 49px !important;}&#8221;][vc_column_inner width=&#8221;2\/3&#8243;][vc_custom_heading text=&#8221;Leander &amp; Hero\u2019 nun \u00d6l\u00fcms\u00fcz A\u015fk Hik\u00e2yesi<br \/>\n\u00c7anakkale Bo\u011faz\u0131n \u2019da Sestos \u015fehrinde ya\u015fayan Hero kendini Eros\u2019 un kutsal oklar\u0131ndan korumaya \u00e7al\u0131\u015fan bir Aphrodite rahibesi\u2026<br \/>\nLeander ise bo\u011faz\u0131n di\u011fer yakas\u0131nda yer alan Abydos \u015fehrinde ya\u015fayan bir delikanl\u0131d\u0131r. \u0130ki gen\u00e7, Aphrodite\u2019nin sevgilisi Adonis\u2019in \u00f6l\u00fcm\u00fc dolay\u0131s\u0131yla yap\u0131lan anma t\u00f6reninde tan\u0131\u015f\u0131r ve \u00e2\u015f\u0131k olurlar.<br \/>\nT\u00f6ren bitince Leander, Hero \u2019ya geri gelece\u011fine dair s\u00f6z vererek, Hero\u2019dan geceleri karanl\u0131k bas\u0131nca kuleden bir fener yakmas\u0131n\u0131 istemi\u015ftir. Leander art\u0131k Hero\u2019nun yakt\u0131\u011f\u0131 fenerle, kar\u015f\u0131 yakada bulunan Sestos \u015fehrine y\u00fcz\u00fcyor, a\u015f\u0131\u011f\u0131yla ge\u00e7irdi\u011fi birka\u00e7 saatten sonra g\u00fcn do\u011fmadan tekrar geri d\u00f6n\u00fcyordur. K\u0131\u015f geldi\u011finde dalgalar y\u00fckselmi\u015f, gemiler bile a\u00e7\u0131lamaz olmu\u015ftur\u2026<br \/>\nF\u0131rt\u0131nal\u0131 bir g\u00fcnde, sevgilisine ula\u015fmak i\u00e7in denize atlayan Leander, fenere do\u011fru y\u00fczerken, ona yol g\u00f6steren \u0131\u015f\u0131k r\u00fczg\u00e2r\u0131n etkisiyle s\u00f6n\u00fcvermi\u015ftir. Hero, b\u00fct\u00fcn gece sevgilisini beklemi\u015f, umut dolu g\u00f6zlerle dalgalar\u0131n aras\u0131nda Leander\u2019i aram\u0131\u015ft\u0131r. Ortal\u0131k ayd\u0131nlanmaya ba\u015flay\u0131nca sahile sevgilisini aramaya inen Hero, kulenin dibinde Leander \u2019in cans\u0131z bedenini bulur. Ya\u015fama sevincini yitiren Hero, a\u015fklar\u0131n\u0131 kimseden gizlemeye gerek kalmadan birlikte olmak i\u00e7in kendisini kuleden a\u015fa\u011f\u0131ya b\u0131rak\u0131r.<br \/>\nMarkam\u0131z Leander ve Hero\u2019nun \u00f6l\u00fcms\u00fcz a\u015fklar\u0131ndan ilham al\u0131narak ortaya \u00e7\u0131km\u0131\u015ft\u0131r.<br \/>\n\u201cY\u00fczerek gelece\u011fim sana.<br \/>\nG\u00fczel k\u0131z, senin sevgin u\u011fruna,<br \/>\nSana gelece\u011fim.<br \/>\nSen beklerken beni \u00fcrkek bak\u0131\u015flarla,<br \/>\nY\u00fczerek gelece\u011fim sana.<br \/>\nDalgalar gemilere bile ge\u00e7it vermese,<br \/>\nY\u00fczerek gelece\u011fim sana.<br \/>\nAzg\u0131n dalgalar aras\u0131ndan&#8230;\u201d&#8221; font_container=&#8221;tag:p|font_size:16px|text_align:left|color:%237a7676|line_height:26px&#8221; google_fonts=&#8221;font_family:Source%20Sans%20Pro%3A200%2C200italic%2C300%2C300italic%2Cregular%2Citalic%2C600%2C600italic%2C700%2C700italic%2C900%2C900italic|font_style:400%20regular%3A400%3Anormal&#8221; css=&#8221;.vc_custom_1695567818098{margin-top: -8px !important;}&#8221;][\/vc_column_inner][vc_column_inner width=&#8221;1\/3&#8243;][vc_single_image image=&#8221;1736&#8243; img_size=&#8221;650*950&#8243;][\/vc_column_inner][\/vc_row_inner][\/vc_column][\/vc_row][vc_row full_width=&#8221;stretch_row&#8221; custom_over_follow=&#8221;over_follow_initial&#8221; custom_row_image=&#8221;63&#8243; custom_row_image_right=&#8221;row-arrow&#8221; css=&#8221;.vc_custom_1660093965346{padding-top: 79px !important;padding-bottom: 113px !important;background: #ffffff url(http:\/\/demo.exptheme.com\/laboom\/wp-content\/uploads\/2017\/06\/bg-row2.png?id=151) !important;background-position: center !important;background-repeat: no-repeat !important;background-size: cover !important;}&#8221; arrow-background=&#8221;#ffffff&#8221; arrow_background=&#8221;#ffffff&#8221;][vc_column][\/vc_column][\/vc_row][vc_row][vc_column][vc_custom_heading text=&#8221;LEANDHERO MOTTOSU&#8221; font_container=&#8221;tag:h2|font_size:40px|text_align:center|color:%2320202f|line_height:50px&#8221; google_fonts=&#8221;font_family:Quicksand%3A300%2Cregular%2C700|font_style:700%20bold%20regular%3A700%3Anormal&#8221; css=&#8221;.vc_custom_1695568212139{margin-bottom: 13px !important;}&#8221;][vc_single_image image=&#8221;1719&#8243; img_size=&#8221;700&#215;700&#8243; alignment=&#8221;center&#8221; css_animation=&#8221;fadeIn&#8221;][vc_column_text css_animation=&#8221;fadeIn&#8221;]<strong>Bir Lezzet Yolculu\u011funa Davet:<\/strong><br \/>\n\u201cLeandhero Kahve D\u00fckkan\u0131\u201d g\u00fcn\u00fcn karma\u015fas\u0131ndan ka\u00e7\u0131p i\u00e7ten bir mola vermek, dostlar\u0131n\u0131zla keyifli anlar ya\u015famak ya da yarat\u0131c\u0131 d\u00fc\u015f\u00fcncelerinizi tazelemek istedi\u011finizde, \u015fehrin kalbindeki sakl\u0131 bir hazine olan \u201cLeandhero Kahve D\u00fckkan\u0131\u201d, size s\u0131cak bir kucaklama sunuyor. \u201cLeandhero\u201d, kahve tutkunlar\u0131n\u0131n vazge\u00e7ilmezi, aromalar\u0131n dans etti\u011fi ve sevgilerin bulu\u015fma noktas\u0131d\u0131r.<\/p>\n<p><strong>Konum ve Atmosfer<\/strong><br \/>\n\u201cLeandhero Kahve D\u00fckkan\u0131\u201d, \u015fehrin en canl\u0131 caddelerinden birinde yer al\u0131rken, i\u00e7eri\u2019ye ad\u0131m att\u0131\u011f\u0131n\u0131z anda sizi s\u0131cakl\u0131k ve samimiyet kar\u015f\u0131lar. Ah\u015fap detaylarla dekore edilmi\u015f rahat koltuklar, hafif ambians \u0131\u015f\u0131\u011f\u0131yla ayd\u0131nlat\u0131lm\u0131\u015f ortam\u0131yla, buray\u0131 sadece bir kahve d\u00fckkan\u0131 de\u011fil, ayn\u0131 zamanda ruhunuzu dinlendirebilece\u011finiz bir s\u0131\u011f\u0131na\u011fa d\u00f6n\u00fc\u015ft\u00fcr\u00fcyor.<\/p>\n<p><strong>Kahve Uzmanl\u0131\u011f\u0131<\/strong><br \/>\n\u201cLeandhero Kahvenin\u201d tutkulu bir \u015fekilde i\u015flendi\u011fi ve sunuldu\u011fu bir kayna\u015fma noktas\u0131 olarak \u00f6ne \u00e7\u0131k\u0131yor. Uzman baristalar, d\u00fcnya \u00e7e\u015fitlerinden \u00f6zenle se\u00e7ilmi\u015f kahve \u00e7ekirdekleriyle haz\u0131rlad\u0131klar\u0131 i\u00e7eceklerle damak zevkinize unutulmaz bir deneyim sunar. Espresso, latte, cappuccino gibi klasik se\u00e7eneklerin yan\u0131 s\u0131ra, \u00f6zel aromal\u0131 ve s\u0131ra d\u0131\u015f\u0131 kar\u0131\u015f\u0131mlar da men\u00fcde yer al\u0131r. Kendinizi yeniden ke\u015ffetmek isterseniz, denemeye de\u011fer nitelikte \u00f6zel kahve \u00e7e\u015fitleri de sizi bekliyor.<\/p>\n<p><strong>Lezzetli At\u0131\u015ft\u0131rmal\u0131klar<\/strong><br \/>\n\u201cLeandHero\u201d, sadece kahve konusunda de\u011fil, ayn\u0131 zamanda lezzetli at\u0131\u015ft\u0131rmal\u0131klar konusunda da iddial\u0131d\u0131r. Taze pi\u015fmi\u015f hamur i\u015fleri, sa\u011fl\u0131kl\u0131 sandvi\u00e7ler ve tatl\u0131lar, kahve keyfinizi ta\u00e7land\u0131rmak i\u00e7in ideal se\u00e7enekler sunar. Hem hafif bir \u00f6\u011fle yeme\u011fi i\u00e7in hem de tatl\u0131 bir ka\u00e7amak i\u00e7in m\u00fckemmel bir se\u00e7enektir.<\/p>\n<p><strong>Topluluk ve Etkinlikler<\/strong><br \/>\n\u201cLeandhero Kahve D\u00fckkan\u0131\u201d, sadece bir i\u00e7ecek dura\u011f\u0131 de\u011fil, ayn\u0131 zamanda insanlar\u0131n bir araya geldi\u011fi ve etkile\u015fimde bulundu\u011fu \u00f6zel bir sosyal mekand\u0131r. D\u00fczenlenen tema g\u00fcnleri, a\u00e7\u0131k mikrofon etkinlikleri, kahve tad\u0131m at\u00f6lyeleri gibi etkinlikler sayesinde, topluluk \u00fcyeleri aras\u0131nda ba\u011flar g\u00fc\u00e7lenir ve yeni dostluklar kurulur.<\/p>\n<p><strong>Sonu\u00e7<\/strong><br \/>\n\u201cLeandhero Kahve D\u00fckkan\u0131\u201d s\u0131cak bir ortamda lezzetli kahvelerle bulu\u015farak kendinizi \u015f\u0131martman\u0131z i\u00e7in m\u00fckemmel bir se\u00e7enektir. Her detay\u0131n \u00f6zenle d\u00fc\u015f\u00fcn\u00fcld\u00fc\u011f\u00fc bu mekanda, kahve deneyiminiz unutulmaz an\u0131lara d\u00f6n\u00fc\u015fecektir. \u201cLeandheroya\u201d ad\u0131m att\u0131\u011f\u0131n\u0131zda, lezzetli bir mola ve keyif dolu anlar sizi bekliyor olacak. Umar\u0131m bu yaz\u0131, hayal etti\u011finiz kahve d\u00fckkan\u0131 hakk\u0131nda g\u00fczel bir tasvir sunmu\u015ftur. E\u011fer daha fazla bilgi veya farkl\u0131 bir odak noktas\u0131 isterseniz, l\u00fctfen belirtmekten \u00e7ekinmeyin.[\/vc_column_text][vc_empty_space][vc_empty_space][vc_empty_space][vc_empty_space][vc_empty_space][vc_empty_space][\/vc_column][\/vc_row]<\/p>\n<\/div>","protected":false},"excerpt":{"rendered":"<p>[vc_row full_width=&#8221;stretch_row&#8221; custom_over_follow=&#8221;over_follow_initial&#8221; custom_row_image=&#8221;61&#8243; custom_row_image_right=&#8221;row-arrow&#8221; css=&#8221;.vc_custom_1660093908971{padding-top: 78px !important;padding-bottom: 139px !important;background: #ffffff url(http:\/\/demo.exptheme.com\/laboom\/wp-content\/uploads\/2017\/06\/bg-welcome.png?id=36) !important;background-position: center !important;background-repeat: no-repeat !important;background-size: cover !important;}&#8221; arrow-background=&#8221;#ffffff&#8221; arrow_background=&#8221;#ffffff&#8221;][vc_column][vc_custom_heading text=&#8221;Leandhero \u00f6l\u00fcms\u00fcz a\u015fk hikayesi&#8230;.&#8221; font_container=&#8221;tag:h2|font_size:40px|text_align:center|color:%23383848|line_height:50px&#8221; google_fonts=&#8221;font_family:Quicksand%3A300%2Cregular%2C700|font_style:700%20bold%20regular%3A700%3Anormal&#8221; css=&#8221;.vc_custom_1695567838292{margin-bottom: 13px !important;}&#8221;][vc_custom_heading text=&#8221;Ger\u00e7ek bir kahvenin ger\u00e7ek bir hikayesi olmal\u0131yd\u0131&#8230;&#8221; font_container=&#8221;tag:p|font_size:15px|text_align:center|color:%239a9a9a|line_height:25px&#8221; use_theme_fonts=&#8221;yes&#8221;][vc_row_inner css=&#8221;.vc_custom_1496982055290{padding-top: 49px !important;}&#8221;][vc_column_inner width=&#8221;2\/3&#8243;][vc_custom_heading text=&#8221;Leander &amp; Hero\u2019 nun \u00d6l\u00fcms\u00fcz A\u015fk Hik\u00e2yesi \u00c7anakkale Bo\u011faz\u0131n \u2019da Sestos \u015fehrinde [&hellip;]<\/p>\n","protected":false},"author":3,"featured_media":0,"parent":0,"menu_order":0,"comment_status":"closed","ping_status":"closed","template":"","meta":{"footnotes":""},"class_list":["post-835","page","type-page","status-publish","hentry"],"_links":{"self":[{"href":"https:\/\/leandherocoffee.com\/index.php?rest_route=\/wp\/v2\/pages\/835","targetHints":{"allow":["GET"]}}],"collection":[{"href":"https:\/\/leandherocoffee.com\/index.php?rest_route=\/wp\/v2\/pages"}],"about":[{"href":"https:\/\/leandherocoffee.com\/index.php?rest_route=\/wp\/v2\/types\/page"}],"author":[{"embeddable":true,"href":"https:\/\/leandherocoffee.com\/index.php?rest_route=\/wp\/v2\/users\/3"}],"replies":[{"embeddable":true,"href":"https:\/\/leandherocoffee.com\/index.php?rest_route=%2Fwp%2Fv2%2Fcomments&post=835"}],"version-history":[{"count":14,"href":"https:\/\/leandherocoffee.com\/index.php?rest_route=\/wp\/v2\/pages\/835\/revisions"}],"predecessor-version":[{"id":1738,"href":"https:\/\/leandherocoffee.com\/index.php?rest_route=\/wp\/v2\/pages\/835\/revisions\/1738"}],"wp:attachment":[{"href":"https:\/\/leandherocoffee.com\/index.php?rest_route=%2Fwp%2Fv2%2Fmedia&parent=835"}],"curies":[{"name":"wp","href":"https:\/\/api.w.org\/{rel}","templated":true}]}}