{"id":886,"date":"2017-07-24T04:07:59","date_gmt":"2017-07-24T04:07:59","guid":{"rendered":"http:\/\/dev.joomexp.com\/wordpress\/laboom\/?page_id=886"},"modified":"2023-11-10T11:53:31","modified_gmt":"2023-11-10T11:53:31","slug":"contact-1","status":"publish","type":"page","link":"https:\/\/leandherocoffee.com\/?page_id=886","title":{"rendered":"\u0130leti\u015fim"},"content":{"rendered":"<div class=\"wpb-content-wrapper\"><p>[vc_row full_width=&#8221;stretch_row_content_no_spaces&#8221;][vc_column][vc_gmaps link=&#8221;#E-8_JTNDaWZyYW1lJTIwc3JjJTNEJTIyaHR0cHMlM0ElMkYlMkZ3d3cuZ29vZ2xlLmNvbSUyRm1hcHMlMkZlbWJlZCUzRnBiJTNEJTIxMW0xNCUyMTFtOCUyMTFtMyUyMTFkMTI0OTguMDEyNjc4NjQ4NDElMjEyZDI3LjE4MTI0OTYlMjEzZDM4LjQ1Mjk0MzQlMjEzbTIlMjExaTEwMjQlMjEyaTc2OCUyMTRmMTMuMSUyMTNtMyUyMTFtMiUyMTFzMHgxNGI5NjMyODExNTI3YzU1JTI1M0EweDQ4MDRjOGYxMTRlNTVlNTAlMjEyc0xFQU5ESEVSTyUyNTIwQ09GRkVFJTIxNWUwJTIxM20yJTIxMXN0ciUyMTJzdHIlMjE0djE2OTU1NjY4ODU1NTAlMjE1bTIlMjExc3RyJTIxMnN0ciUyMiUyMHdpZHRoJTNEJTIyNjAwJTIyJTIwaGVpZ2h0JTNEJTIyNDUwJTIyJTIwc3R5bGUlM0QlMjJib3JkZXIlM0EwJTNCJTIyJTIwYWxsb3dmdWxsc2NyZWVuJTNEJTIyJTIyJTIwbG9hZGluZyUzRCUyMmxhenklMjIlMjByZWZlcnJlcnBvbGljeSUzRCUyMm5vLXJlZmVycmVyLXdoZW4tZG93bmdyYWRlJTIyJTNFJTNDJTJGaWZyYW1lJTNF&#8221; css=&#8221;.vc_custom_1695566896100{margin-top: -5px !important;margin-right: -5px !important;margin-bottom: -5px !important;margin-left: -5px !important;}&#8221;][\/vc_column][\/vc_row][vc_row full_width=&#8221;stretch_row&#8221; custom_over_follow=&#8221;over_follow_initial&#8221; custom_row_image=&#8221;63&#8243; custom_row_image_right=&#8221;row-arrow&#8221; css=&#8221;.vc_custom_1501559563658{padding-top: 81px !important;padding-bottom: 182px !important;background-color: #ffffff !important;}&#8221; arrow_background=&#8221;#ffffff&#8221;][vc_column][vc_custom_heading text=&#8221;ileti\u015fim&#8221; font_container=&#8221;tag:h2|font_size:40px|text_align:center|color:%23383848|line_height:50px&#8221; google_fonts=&#8221;font_family:Quicksand%3A300%2Cregular%2C700|font_style:700%20bold%20regular%3A700%3Anormal&#8221; css=&#8221;.vc_custom_1695566637844{margin-bottom: 11px !important;}&#8221;][vc_custom_heading text=&#8221;\u00d6nerileriniz i\u00e7in ileti\u015fime ge\u00e7in.&#8221; font_container=&#8221;tag:p|font_size:15px|text_align:center|color:%239a9a9a|line_height:25px&#8221; use_theme_fonts=&#8221;yes&#8221;][vc_row_inner css=&#8221;.vc_custom_1501558279392{padding-top: 58px !important;}&#8221;][vc_column_inner width=&#8221;2\/3&#8243;][vc_custom_heading text=&#8221;Bizimle \u00e7al\u0131\u015fmak \u0130stermisiniz.&#8221; font_container=&#8221;tag:h3|font_size:20px|text_align:left|color:%23383848|line_height:30px&#8221; google_fonts=&#8221;font_family:Quicksand%3A300%2Cregular%2C700|font_style:700%20bold%20regular%3A700%3Anormal&#8221; css=&#8221;.vc_custom_1695566825432{margin-bottom: 8px !important;}&#8221;][vc_custom_heading text=&#8221;Formu eksiksiz doldurunuz en k\u0131sa s\u00fcrede ileti\u015fime ge\u00e7ece\u011fiz.&#8221; font_container=&#8221;tag:p|font_size:15px|text_align:left|color:%23959394|line_height:22px&#8221; use_theme_fonts=&#8221;yes&#8221; css=&#8221;.vc_custom_1695566855703{padding-bottom: 25px !important;}&#8221;]\n<div class=\"wpcf7 no-js\" id=\"wpcf7-f1600-o1\" lang=\"en-US\" dir=\"ltr\">\n<div class=\"screen-reader-response\"><p role=\"status\" aria-live=\"polite\" aria-atomic=\"true\"><\/p> <ul><\/ul><\/div>\n<form action=\"\/index.php?rest_route=%2Fwp%2Fv2%2Fpages%2F886#wpcf7-f1600-o1\" method=\"post\" class=\"wpcf7-form init\" aria-label=\"Contact form\" novalidate=\"novalidate\" data-status=\"init\">\n<div style=\"display: none;\">\n<input type=\"hidden\" name=\"_wpcf7\" value=\"1600\" \/>\n<input type=\"hidden\" name=\"_wpcf7_version\" value=\"5.9.8\" \/>\n<input type=\"hidden\" name=\"_wpcf7_locale\" value=\"en_US\" \/>\n<input type=\"hidden\" name=\"_wpcf7_unit_tag\" value=\"wpcf7-f1600-o1\" \/>\n<input type=\"hidden\" name=\"_wpcf7_container_post\" value=\"0\" \/>\n<input type=\"hidden\" name=\"_wpcf7_posted_data_hash\" value=\"\" \/>\n<\/div>\n<div class=\"form-div\">\n\t<p><label>Ad Soyad<\/label><br \/>\n<span class=\"wpcf7-form-control-wrap\" data-name=\"adsoyad\"><input size=\"40\" maxlength=\"400\" class=\"wpcf7-form-control wpcf7-text wpcf7-validates-as-required\" aria-required=\"true\" aria-invalid=\"false\" value=\"\" type=\"text\" name=\"adsoyad\" \/><\/span>\n\t<\/p>\n<\/div>\n<div class=\"form-div\">\n\t<p><label>E-Posta<\/label><br \/>\n<span class=\"wpcf7-form-control-wrap\" data-name=\"eposta\"><input size=\"40\" maxlength=\"400\" class=\"wpcf7-form-control wpcf7-text wpcf7-validates-as-required\" aria-required=\"true\" aria-invalid=\"false\" value=\"\" type=\"text\" name=\"eposta\" \/><\/span>\n\t<\/p>\n<\/div>\n<div class=\"form-fulldiv\">\n\t<p><label>Mesaj<\/label><br \/>\n<span class=\"wpcf7-form-control-wrap\" data-name=\"mesaj\"><textarea cols=\"40\" rows=\"10\" maxlength=\"2000\" class=\"wpcf7-form-control wpcf7-textarea\" aria-invalid=\"false\" name=\"mesaj\"><\/textarea><\/span>\n\t<\/p>\n<\/div>\n<div class=\"form-fulldiv\">\n\t<p><input class=\"wpcf7-form-control wpcf7-submit has-spinner\" type=\"submit\" value=\"Formu G\u00f6nder\" \/>\n\t<\/p>\n<\/div><div class=\"wpcf7-response-output\" aria-hidden=\"true\"><\/div>\n<\/form>\n<\/div>\n[\/vc_column_inner][vc_column_inner width=&#8221;1\/3&#8243;][vc_empty_space el_class=&#8221;visible-xs&#8221;][vc_custom_heading text=&#8221;Adres&#8221; font_container=&#8221;tag:h3|font_size:20px|text_align:left|color:%23e4b95b|line_height:30px&#8221; google_fonts=&#8221;font_family:Quicksand%3A300%2Cregular%2C700|font_style:700%20bold%20regular%3A700%3Anormal&#8221; css=&#8221;.vc_custom_1695566692763{margin-bottom: 8px !important;}&#8221;][vc_custom_heading text=&#8221;Mansuro\u011flu Mah.288\/6 Sok. No:14B D Blok Bayrakl\u0131, 35535 Bayrakl\u0131\/\u0130zmir&#8221; font_container=&#8221;tag:p|font_size:15px|text_align:left|color:%2320202f|line_height:22px&#8221; use_theme_fonts=&#8221;yes&#8221; css=&#8221;.vc_custom_1695570217447{padding-bottom: 12px !important;}&#8221;][vc_custom_heading text=&#8221;0532 441 75 50<br \/>\ninfo@leandherocoffee.com&#8221; font_container=&#8221;tag:p|font_size:15px|text_align:left|color:%2320202f|line_height:22px&#8221; use_theme_fonts=&#8221;yes&#8221; css=&#8221;.vc_custom_1695566725484{padding-bottom: 25px !important;}&#8221;][vc_custom_heading text=&#8221;A\u00e7\u0131l\u0131\u015f \/ Kapan\u0131\u015f&#8221; font_container=&#8221;tag:h3|font_size:20px|text_align:left|color:%2320202f|line_height:30px&#8221; google_fonts=&#8221;font_family:Quicksand%3A300%2Cregular%2C700|font_style:700%20bold%20regular%3A700%3Anormal&#8221; css=&#8221;.vc_custom_1695566742546{margin-bottom: 9px !important;padding-top: 17px !important;}&#8221;][vc_raw_html]JTNDdWwlMjBjbGFzcyUzRCUyMm9wZW4taG91cnMlMjIlM0UlM0NsaSUzRSUzQ3NwYW4lM0VQYXphcnRlc2klM0MlMkZzcGFuJTNFMDglM0EwMCUyMC0lMjAyMyUzQTAwJTNDJTJGbGklM0UlMEElM0NsaSUzRSUzQ3NwYW4lM0VTYWwlQzQlQjElM0MlMkZzcGFuJTNFMDglM0EwMCUyMC0lMjAyMyUzQTAwJTNDJTJGbGklM0UlMEElM0NsaSUzRSUzQ3NwYW4lM0UlQzMlODdhciVDNSU5RmFtYmElM0MlMkZzcGFuJTNFMDglM0EwMCUyMC0lMjAyMyUzQTAwJTNDJTJGbGklM0UlMEElM0NsaSUzRSUzQ3NwYW4lM0VQZXIlQzUlOUZlbWJlJTNDJTJGc3BhbiUzRTA4JTNBMDAlMjAtJTIwMjMlM0EwMCUzQyUyRmxpJTNFJTBBJTNDbGklM0UlM0NzcGFuJTNFQ3VtYSUzQyUyRnNwYW4lM0UwOCUzQTAwJTIwLSUyMDIzJTNBMDAlM0MlMkZsaSUzRSUwQSUzQ2xpJTNFJTNDc3BhbiUzRUN1bWFydGVzaSUzQyUyRnNwYW4lM0UwOCUzQTAwJTIwLSUyMDIzJTNBMDAlM0MlMkZsaSUzRSUwQSUzQ2xpJTNFJTNDc3BhbiUzRVBhemFyJTNDJTJGc3BhbiUzRTA4JTNBMDAlMjAtJTIwMjMlM0EwMCUzQyUyRmxpJTNFJTNDJTJGdWwlM0U=[\/vc_raw_html][\/vc_column_inner][\/vc_row_inner][\/vc_column][\/vc_row]<\/p>\n<\/div>","protected":false},"excerpt":{"rendered":"<p>[vc_row full_width=&#8221;stretch_row_content_no_spaces&#8221;][vc_column][vc_gmaps link=&#8221;#E-8_JTNDaWZyYW1lJTIwc3JjJTNEJTIyaHR0cHMlM0ElMkYlMkZ3d3cuZ29vZ2xlLmNvbSUyRm1hcHMlMkZlbWJlZCUzRnBiJTNEJTIxMW0xNCUyMTFtOCUyMTFtMyUyMTFkMTI0OTguMDEyNjc4NjQ4NDElMjEyZDI3LjE4MTI0OTYlMjEzZDM4LjQ1Mjk0MzQlMjEzbTIlMjExaTEwMjQlMjEyaTc2OCUyMTRmMTMuMSUyMTNtMyUyMTFtMiUyMTFzMHgxNGI5NjMyODExNTI3YzU1JTI1M0EweDQ4MDRjOGYxMTRlNTVlNTAlMjEyc0xFQU5ESEVSTyUyNTIwQ09GRkVFJTIxNWUwJTIxM20yJTIxMXN0ciUyMTJzdHIlMjE0djE2OTU1NjY4ODU1NTAlMjE1bTIlMjExc3RyJTIxMnN0ciUyMiUyMHdpZHRoJTNEJTIyNjAwJTIyJTIwaGVpZ2h0JTNEJTIyNDUwJTIyJTIwc3R5bGUlM0QlMjJib3JkZXIlM0EwJTNCJTIyJTIwYWxsb3dmdWxsc2NyZWVuJTNEJTIyJTIyJTIwbG9hZGluZyUzRCUyMmxhenklMjIlMjByZWZlcnJlcnBvbGljeSUzRCUyMm5vLXJlZmVycmVyLXdoZW4tZG93bmdyYWRlJTIyJTNFJTNDJTJGaWZyYW1lJTNF&#8221; css=&#8221;.vc_custom_1695566896100{margin-top: -5px !important;margin-right: -5px !important;margin-bottom: -5px !important;margin-left: -5px !important;}&#8221;][\/vc_column][\/vc_row][vc_row full_width=&#8221;stretch_row&#8221; custom_over_follow=&#8221;over_follow_initial&#8221; custom_row_image=&#8221;63&#8243; custom_row_image_right=&#8221;row-arrow&#8221; css=&#8221;.vc_custom_1501559563658{padding-top: 81px !important;padding-bottom: 182px !important;background-color: #ffffff !important;}&#8221; arrow_background=&#8221;#ffffff&#8221;][vc_column][vc_custom_heading text=&#8221;ileti\u015fim&#8221; font_container=&#8221;tag:h2|font_size:40px|text_align:center|color:%23383848|line_height:50px&#8221; google_fonts=&#8221;font_family:Quicksand%3A300%2Cregular%2C700|font_style:700%20bold%20regular%3A700%3Anormal&#8221; css=&#8221;.vc_custom_1695566637844{margin-bottom: 11px !important;}&#8221;][vc_custom_heading text=&#8221;\u00d6nerileriniz i\u00e7in ileti\u015fime ge\u00e7in.&#8221; font_container=&#8221;tag:p|font_size:15px|text_align:center|color:%239a9a9a|line_height:25px&#8221; use_theme_fonts=&#8221;yes&#8221;][vc_row_inner css=&#8221;.vc_custom_1501558279392{padding-top: 58px !important;}&#8221;][vc_column_inner width=&#8221;2\/3&#8243;][vc_custom_heading text=&#8221;Bizimle \u00e7al\u0131\u015fmak \u0130stermisiniz.&#8221; font_container=&#8221;tag:h3|font_size:20px|text_align:left|color:%23383848|line_height:30px&#8221; google_fonts=&#8221;font_family:Quicksand%3A300%2Cregular%2C700|font_style:700%20bold%20regular%3A700%3Anormal&#8221; css=&#8221;.vc_custom_1695566825432{margin-bottom: 8px !important;}&#8221;][vc_custom_heading text=&#8221;Formu eksiksiz doldurunuz en k\u0131sa s\u00fcrede ileti\u015fime [&hellip;]<\/p>\n","protected":false},"author":3,"featured_media":0,"parent":0,"menu_order":0,"comment_status":"closed","ping_status":"closed","template":"","meta":{"footnotes":""},"class_list":["post-886","page","type-page","status-publish","hentry"],"_links":{"self":[{"href":"https:\/\/leandherocoffee.com\/index.php?rest_route=\/wp\/v2\/pages\/886","targetHints":{"allow":["GET"]}}],"collection":[{"href":"https:\/\/leandherocoffee.com\/index.php?rest_route=\/wp\/v2\/pages"}],"about":[{"href":"https:\/\/leandherocoffee.com\/index.php?rest_route=\/wp\/v2\/types\/page"}],"author":[{"embeddable":true,"href":"https:\/\/leandherocoffee.com\/index.php?rest_route=\/wp\/v2\/users\/3"}],"replies":[{"embeddable":true,"href":"https:\/\/leandherocoffee.com\/index.php?rest_route=%2Fwp%2Fv2%2Fcomments&post=886"}],"version-history":[{"count":6,"href":"https:\/\/leandherocoffee.com\/index.php?rest_route=\/wp\/v2\/pages\/886\/revisions"}],"predecessor-version":[{"id":1773,"href":"https:\/\/leandherocoffee.com\/index.php?rest_route=\/wp\/v2\/pages\/886\/revisions\/1773"}],"wp:attachment":[{"href":"https:\/\/leandherocoffee.com\/index.php?rest_route=%2Fwp%2Fv2%2Fmedia&parent=886"}],"curies":[{"name":"wp","href":"https:\/\/api.w.org\/{rel}","templated":true}]}}